{"id":1203,"date":"2022-05-30T12:59:48","date_gmt":"2022-05-30T10:59:48","guid":{"rendered":"https:\/\/smav.alwaysdata.net\/test\/?page_id=1203"},"modified":"2023-06-23T16:40:24","modified_gmt":"2023-06-23T14:40:24","slug":"galerie-video-celisette","status":"publish","type":"page","link":"https:\/\/smav.alwaysdata.net\/test\/index.php\/galerie-video-celisette\/","title":{"rendered":"Galerie VIDEO Celisette"},"content":{"rendered":"\t\t<div data-elementor-type=\"wp-page\" data-elementor-id=\"1203\" class=\"elementor elementor-1203\" data-elementor-settings=\"[]\">\n\t\t\t\t\t\t\t<div class=\"elementor-section-wrap\">\n\t\t\t\t\t\t\t<section class=\"elementor-section elementor-top-section elementor-element elementor-element-ac10ee1 elementor-section-boxed elementor-section-height-default elementor-section-height-default\" data-id=\"ac10ee1\" data-element_type=\"section\">\n\t\t\t\t\t\t<div class=\"elementor-container elementor-column-gap-default\">\n\t\t\t\t\t\t\t\t<\/div>\n\t\t<\/section>\n\t\t\t\t<section class=\"elementor-section elementor-top-section elementor-element elementor-element-47000d1c elementor-section-content-middle elementor-section-boxed elementor-section-height-default elementor-section-height-default\" data-id=\"47000d1c\" data-element_type=\"section\">\n\t\t\t\t\t\t<div class=\"elementor-container elementor-column-gap-default\">\n\t\t\t\t\t<div class=\"elementor-column elementor-col-50 elementor-top-column elementor-element elementor-element-6cfb31e1\" data-id=\"6cfb31e1\" data-element_type=\"column\">\n\t\t\t<div class=\"elementor-widget-wrap elementor-element-populated\">\n\t\t\t\t\t\t\t\t<div class=\"elementor-element elementor-element-78689f1 elementor-widget elementor-widget-image\" data-id=\"78689f1\" data-element_type=\"widget\" data-widget_type=\"image.default\">\n\t\t\t\t<div class=\"elementor-widget-container\">\n\t\t\t\t\t\t\t\t\t\t\t\t\t\t\t\t<a href=\"https:\/\/smav.alwaysdata.net\/test\/\">\n\t\t\t\t\t\t\t<img decoding=\"async\" src=\"https:\/\/smav.alwaysdata.net\/test\/wp-content\/uploads\/2023\/06\/logo-noho-studio-web.jpg\" title=\"logo-noho-studio-web\" alt=\"logo-noho-studio-web\" \/>\t\t\t\t\t\t\t\t<\/a>\n\t\t\t\t\t\t\t\t\t\t\t\t\t\t\t<\/div>\n\t\t\t\t<\/div>\n\t\t\t\t\t<\/div>\n\t\t<\/div>\n\t\t\t\t<div class=\"elementor-column elementor-col-50 elementor-top-column elementor-element elementor-element-637c3c28\" data-id=\"637c3c28\" data-element_type=\"column\">\n\t\t\t<div class=\"elementor-widget-wrap elementor-element-populated\">\n\t\t\t\t\t\t\t\t<div class=\"elementor-element elementor-element-32d5b869 elementor-widget elementor-widget-ekit-nav-menu\" data-id=\"32d5b869\" data-element_type=\"widget\" data-widget_type=\"ekit-nav-menu.default\">\n\t\t\t\t<div class=\"elementor-widget-container\">\n\t\t\t<div class=\"ekit-wid-con ekit_menu_responsive_tablet\" data-hamburger-icon=\"\" data-hamburger-icon-type=\"icon\" data-responsive-breakpoint=\"1024\">            <button class=\"elementskit-menu-hamburger elementskit-menu-toggler\">\n                                    <span class=\"elementskit-menu-hamburger-icon\"><\/span><span class=\"elementskit-menu-hamburger-icon\"><\/span><span class=\"elementskit-menu-hamburger-icon\"><\/span>\n                            <\/button>\n            <div id=\"ekit-megamenu-main-menu\" class=\"elementskit-menu-container elementskit-menu-offcanvas-elements elementskit-navbar-nav-default elementskit_fill_arrow ekit-nav-menu-one-page-no\"><ul id=\"menu-main-menu\" class=\"elementskit-navbar-nav elementskit-menu-po-center submenu-click-on-icon\"><li id=\"menu-item-75\" class=\"menu-item menu-item-type-post_type menu-item-object-page menu-item-home menu-item-has-children menu-item-75 nav-item elementskit-dropdown-has relative_position elementskit-dropdown-menu-default_width elementskit-mobile-builder-content\" data-vertical-menu=750px><a href=\"https:\/\/smav.alwaysdata.net\/test\/\" class=\"ekit-menu-nav-link ekit-menu-dropdown-toggle\">Prestations Studio<i class=\"icon icon-down-arrow1 elementskit-submenu-indicator\"><\/i><\/a>\n<ul class=\"elementskit-dropdown elementskit-submenu-panel\">\n\t<li id=\"menu-item-568\" class=\"menu-item menu-item-type-post_type menu-item-object-page menu-item-568 nav-item elementskit-mobile-builder-content\" data-vertical-menu=750px><a href=\"https:\/\/smav.alwaysdata.net\/test\/index.php\/reportages\/\" class=\" dropdown-item\">Reportages Photo &#038; Vid\u00e9o<\/a>\t<li id=\"menu-item-736\" class=\"menu-item menu-item-type-post_type menu-item-object-page menu-item-736 nav-item elementskit-mobile-builder-content\" data-vertical-menu=750px><a href=\"https:\/\/smav.alwaysdata.net\/test\/index.php\/flyers-affiches-brochures\/\" class=\" dropdown-item\">Supports print<\/a>\t<li id=\"menu-item-1033\" class=\"menu-item menu-item-type-post_type menu-item-object-page menu-item-1033 nav-item elementskit-mobile-builder-content\" data-vertical-menu=750px><a href=\"https:\/\/smav.alwaysdata.net\/test\/index.php\/formules-et-tarifs\/\" class=\" dropdown-item\">Formules &#038; Tarifs<\/a><\/ul>\n<\/li>\n<li id=\"menu-item-1443\" class=\"menu-item menu-item-type-post_type menu-item-object-page menu-item-1443 nav-item elementskit-mobile-builder-content\" data-vertical-menu=750px><a href=\"https:\/\/smav.alwaysdata.net\/test\/index.php\/maison-noho\/\" class=\"ekit-menu-nav-link\">Maison NoHo<\/a><\/li>\n<li id=\"menu-item-572\" class=\"menu-item menu-item-type-post_type menu-item-object-page menu-item-572 nav-item elementskit-mobile-builder-content\" data-vertical-menu=750px><a href=\"https:\/\/smav.alwaysdata.net\/test\/index.php\/accueil-galerie\/\" class=\"ekit-menu-nav-link\">Galerie<\/a><\/li>\n<li id=\"menu-item-533\" class=\"menu-item menu-item-type-post_type menu-item-object-page menu-item-533 nav-item elementskit-mobile-builder-content\" data-vertical-menu=750px><a href=\"https:\/\/smav.alwaysdata.net\/test\/index.php\/home-2\/\" class=\"ekit-menu-nav-link\">\u00c0 propos<\/a><\/li>\n<li id=\"menu-item-770\" class=\"menu-item menu-item-type-post_type menu-item-object-page menu-item-770 nav-item elementskit-mobile-builder-content\" data-vertical-menu=750px><a href=\"https:\/\/smav.alwaysdata.net\/test\/index.php\/contact\/\" class=\"ekit-menu-nav-link\">Contact<\/a><\/li>\n<\/ul>\n\t\t\t\t<div class=\"elementskit-nav-identity-panel\">\n\t\t\t\t\t<div class=\"elementskit-site-title\">\n\t\t\t\t\t\t<a class=\"elementskit-nav-logo\" href=\"https:\/\/smav.alwaysdata.net\/test\" target=\"_self\" rel=\"\">\n                            \n\t\t\t\t\t\t<\/a> \n\t\t\t\t\t<\/div>\n\t\t\t\t\t<button class=\"elementskit-menu-close elementskit-menu-toggler\" type=\"button\">X<\/button>\n\t\t\t\t<\/div>\n\t\t\t<\/div><div class=\"elementskit-menu-overlay elementskit-menu-offcanvas-elements elementskit-menu-toggler ekit-nav-menu--overlay\"><\/div><\/div>\t\t<\/div>\n\t\t\t\t<\/div>\n\t\t\t\t\t<\/div>\n\t\t<\/div>\n\t\t\t\t\t\t\t<\/div>\n\t\t<\/section>\n\t\t\t\t<section class=\"elementor-section elementor-top-section elementor-element elementor-element-788b380b elementor-section-height-min-height elementor-section-boxed elementor-section-height-default elementor-section-items-middle\" data-id=\"788b380b\" data-element_type=\"section\">\n\t\t\t\t\t\t<div class=\"elementor-container elementor-column-gap-wider\">\n\t\t\t\t\t<div class=\"elementor-column elementor-col-50 elementor-top-column elementor-element elementor-element-3bd1aaa9\" data-id=\"3bd1aaa9\" data-element_type=\"column\">\n\t\t\t<div class=\"elementor-widget-wrap elementor-element-populated\">\n\t\t\t\t\t\t\t\t<div class=\"elementor-element elementor-element-95591db elementor-aspect-ratio-169 elementor-widget elementor-widget-video\" data-id=\"95591db\" data-element_type=\"widget\" data-settings=\"{&quot;youtube_url&quot;:&quot;https:\\\/\\\/youtu.be\\\/dQsJUvZ86zw&quot;,&quot;video_type&quot;:&quot;youtube&quot;,&quot;controls&quot;:&quot;yes&quot;,&quot;aspect_ratio&quot;:&quot;169&quot;}\" data-widget_type=\"video.default\">\n\t\t\t\t<div class=\"elementor-widget-container\">\n\t\t\t\t\t<div class=\"elementor-wrapper elementor-fit-aspect-ratio elementor-open-inline\">\n\t\t\t<div class=\"elementor-video\"><\/div>\t\t<\/div>\n\t\t\t\t<\/div>\n\t\t\t\t<\/div>\n\t\t\t\t<div class=\"elementor-element elementor-element-432850f7 elementor-widget elementor-widget-spacer\" data-id=\"432850f7\" data-element_type=\"widget\" data-widget_type=\"spacer.default\">\n\t\t\t\t<div class=\"elementor-widget-container\">\n\t\t\t\t\t<div class=\"elementor-spacer\">\n\t\t\t<div class=\"elementor-spacer-inner\"><\/div>\n\t\t<\/div>\n\t\t\t\t<\/div>\n\t\t\t\t<\/div>\n\t\t\t\t\t<\/div>\n\t\t<\/div>\n\t\t\t\t<div class=\"elementor-column elementor-col-50 elementor-top-column elementor-element elementor-element-1f84e0a3\" data-id=\"1f84e0a3\" data-element_type=\"column\">\n\t\t\t<div class=\"elementor-widget-wrap elementor-element-populated\">\n\t\t\t\t\t\t\t\t<div class=\"elementor-element elementor-element-98a8fda elementor-widget elementor-widget-heading\" data-id=\"98a8fda\" data-element_type=\"widget\" data-widget_type=\"heading.default\">\n\t\t\t\t<div class=\"elementor-widget-container\">\n\t\t\t<h2 class=\"elementor-heading-title elementor-size-default\">[vid\u00e9o coulisses interview]<\/h2>\t\t<\/div>\n\t\t\t\t<\/div>\n\t\t\t\t<div class=\"elementor-element elementor-element-8fb1bc4 elementor-widget elementor-widget-heading\" data-id=\"8fb1bc4\" data-element_type=\"widget\" data-widget_type=\"heading.default\">\n\t\t\t\t<div class=\"elementor-widget-container\">\n\t\t\t<h2 class=\"elementor-heading-title elementor-size-default\">C\u00c9LISETTE - CULOTTES ET MAILLOTS MENSTRUELS<\/h2>\t\t<\/div>\n\t\t\t\t<\/div>\n\t\t\t\t<div class=\"elementor-element elementor-element-fbfa5da elementor-widget elementor-widget-text-editor\" data-id=\"fbfa5da\" data-element_type=\"widget\" data-widget_type=\"text-editor.default\">\n\t\t\t\t<div class=\"elementor-widget-container\">\n\t\t\t\t\t\t\t<p><span style=\"color: #999999; font-family: Manrope, sans-serif;\"><span style=\"font-size: 13px; word-spacing: 1px;\">Lorsque que j&rsquo;ai rencontr\u00e9 C\u00e9line, la fondatrice de C\u00e9lisette, son projet \u00e9tait en plein d\u00e9veloppement.<\/span><\/span><\/p><p><span style=\"color: #999999; font-family: Manrope, sans-serif;\"><span style=\"font-size: 13px; word-spacing: 1px;\">Aujourd&rsquo;hui C\u00e9lisette est un acteur incontournable de la lingerie menstruelle et \u00e9galement le fournisseur officiel de la f\u00e9d\u00e9ration fran\u00e7aise de natation.<\/span><\/span><\/p><p><span style=\"color: #999999; font-family: Manrope, sans-serif;\"><span style=\"font-size: 13px; word-spacing: 1px;\">Sa grande diff\u00e9rence avec les autres acteurs du march\u00e9 ? Son travail main dans la main avec des m\u00e9decins pour proposer un produit sain et en totale ad\u00e9quation avec la r\u00e9alit\u00e9 des r\u00e8gles. La marque C\u00e9lisette diffuse \u00e9galement des valeurs p\u00e9dagogiques \u00e0 travers son univers et ses produits notamment avec son fond de culotte gris.\u00a0<br \/><br \/><strong>L&rsquo;expliquer en vid\u00e9o permet de mettre en avant ces enjeux et de montrer \u00ab\u00a0l&rsquo;humain\u00a0\u00bb qui se cacher derri\u00e8re la marque.<\/strong><\/span><\/span><\/p><p><span style=\"color: #999999; font-family: Manrope, sans-serif;\"><span style=\"font-size: 13px; word-spacing: 1px;\">avril 2022<\/span><\/span><\/p>\t\t\t\t\t\t<\/div>\n\t\t\t\t<\/div>\n\t\t\t\t\t<\/div>\n\t\t<\/div>\n\t\t\t\t\t\t\t<\/div>\n\t\t<\/section>\n\t\t\t\t<section class=\"elementor-section elementor-top-section elementor-element elementor-element-f233771 elementor-section-height-min-height elementor-section-boxed elementor-section-height-default elementor-section-items-middle\" data-id=\"f233771\" data-element_type=\"section\">\n\t\t\t\t\t\t<div class=\"elementor-container elementor-column-gap-wider\">\n\t\t\t\t\t<div class=\"elementor-column elementor-col-50 elementor-top-column elementor-element elementor-element-b2d573b\" data-id=\"b2d573b\" data-element_type=\"column\">\n\t\t\t<div class=\"elementor-widget-wrap elementor-element-populated\">\n\t\t\t\t\t\t\t\t<div class=\"elementor-element elementor-element-875f1b8 elementor-widget elementor-widget-heading\" data-id=\"875f1b8\" data-element_type=\"widget\" data-widget_type=\"heading.default\">\n\t\t\t\t<div class=\"elementor-widget-container\">\n\t\t\t<h2 class=\"elementor-heading-title elementor-size-default\">[vid\u00e9o lifestyle produit]<\/h2>\t\t<\/div>\n\t\t\t\t<\/div>\n\t\t\t\t<div class=\"elementor-element elementor-element-6a79281 elementor-widget elementor-widget-heading\" data-id=\"6a79281\" data-element_type=\"widget\" data-widget_type=\"heading.default\">\n\t\t\t\t<div class=\"elementor-widget-container\">\n\t\t\t<h2 class=\"elementor-heading-title elementor-size-default\">C\u00c9LISETTE - 2022<\/h2>\t\t<\/div>\n\t\t\t\t<\/div>\n\t\t\t\t<div class=\"elementor-element elementor-element-48e4a2f elementor-widget elementor-widget-text-editor\" data-id=\"48e4a2f\" data-element_type=\"widget\" data-widget_type=\"text-editor.default\">\n\t\t\t\t<div class=\"elementor-widget-container\">\n\t\t\t\t\t\t\t<p><span style=\"color: #999999; font-family: Manrope, sans-serif;\"><span style=\"font-size: 13px; word-spacing: 1px;\">Une vid\u00e9o pr\u00e9sentant les culottes et maillots de bains menstruels de la marque en action.<br \/>Rien de mieux que de pouvoir distinguer les mouvements ou encore les r\u00e9actions du tissu dans l&rsquo;eau pour lever les doutes des prospects.<br \/><strong><br \/>La vid\u00e9o lifestyle produit<\/strong> permet de montrer les articles sous toutes les coutures et d&rsquo;aider \u00e0 se projeter. Zoom sur le d\u00e9tail, les mati\u00e8res et vues d&rsquo;ensemble se compl\u00e8tent pour raconter l&rsquo;histoire de la marque et son univers. <br \/><br \/>f\u00e9vrier 2022<br \/><br \/><em>cliquez sur l&rsquo;image pour lancer la lecture<\/em><\/span><\/span><\/p>\t\t\t\t\t\t<\/div>\n\t\t\t\t<\/div>\n\t\t\t\t\t<\/div>\n\t\t<\/div>\n\t\t\t\t<div class=\"elementor-column elementor-col-50 elementor-top-column elementor-element elementor-element-759fc71\" data-id=\"759fc71\" data-element_type=\"column\">\n\t\t\t<div class=\"elementor-widget-wrap elementor-element-populated\">\n\t\t\t\t\t\t\t\t<div class=\"elementor-element elementor-element-8d85c37 elementor-widget elementor-widget-image\" data-id=\"8d85c37\" data-element_type=\"widget\" data-widget_type=\"image.default\">\n\t\t\t\t<div class=\"elementor-widget-container\">\n\t\t\t\t\t\t\t\t\t\t\t\t\t\t\t\t<a href=\"https:\/\/www.youtube.com\/shorts\/LWojSzw6qmI\" target=\"_blank\">\n\t\t\t\t\t\t\t<img loading=\"lazy\" decoding=\"async\" width=\"570\" height=\"1024\" src=\"https:\/\/smav.alwaysdata.net\/test\/wp-content\/uploads\/2022\/05\/Capture-de\u0301cran-2022-05-30-a\u0300-13.11.09-570x1024.png\" class=\"attachment-large size-large\" alt=\"vid\u00e9o produits culottes menstruelles\" srcset=\"https:\/\/smav.alwaysdata.net\/test\/wp-content\/uploads\/2022\/05\/Capture-de\u0301cran-2022-05-30-a\u0300-13.11.09-570x1024.png 570w, https:\/\/smav.alwaysdata.net\/test\/wp-content\/uploads\/2022\/05\/Capture-de\u0301cran-2022-05-30-a\u0300-13.11.09-167x300.png 167w, https:\/\/smav.alwaysdata.net\/test\/wp-content\/uploads\/2022\/05\/Capture-de\u0301cran-2022-05-30-a\u0300-13.11.09-768x1379.png 768w, https:\/\/smav.alwaysdata.net\/test\/wp-content\/uploads\/2022\/05\/Capture-de\u0301cran-2022-05-30-a\u0300-13.11.09-856x1536.png 856w, https:\/\/smav.alwaysdata.net\/test\/wp-content\/uploads\/2022\/05\/Capture-de\u0301cran-2022-05-30-a\u0300-13.11.09.png 888w\" sizes=\"auto, (max-width: 570px) 100vw, 570px\" \/>\t\t\t\t\t\t\t\t<\/a>\n\t\t\t\t\t\t\t\t\t\t\t\t\t\t\t<\/div>\n\t\t\t\t<\/div>\n\t\t\t\t<div class=\"elementor-element elementor-element-8155d93 elementor-widget elementor-widget-spacer\" data-id=\"8155d93\" data-element_type=\"widget\" data-widget_type=\"spacer.default\">\n\t\t\t\t<div class=\"elementor-widget-container\">\n\t\t\t\t\t<div class=\"elementor-spacer\">\n\t\t\t<div class=\"elementor-spacer-inner\"><\/div>\n\t\t<\/div>\n\t\t\t\t<\/div>\n\t\t\t\t<\/div>\n\t\t\t\t\t<\/div>\n\t\t<\/div>\n\t\t\t\t\t\t\t<\/div>\n\t\t<\/section>\n\t\t\t\t<section class=\"elementor-section elementor-top-section elementor-element elementor-element-fc1ee96 elementor-section-boxed elementor-section-height-default elementor-section-height-default\" data-id=\"fc1ee96\" data-element_type=\"section\">\n\t\t\t\t\t\t<div class=\"elementor-container elementor-column-gap-default\">\n\t\t\t\t\t<div class=\"elementor-column elementor-col-100 elementor-top-column elementor-element elementor-element-4bc8e9e\" data-id=\"4bc8e9e\" data-element_type=\"column\">\n\t\t\t<div class=\"elementor-widget-wrap elementor-element-populated\">\n\t\t\t\t\t\t\t\t<div class=\"elementor-element elementor-element-0a0e067 elementor-align-center elementor-widget elementor-widget-button\" data-id=\"0a0e067\" data-element_type=\"widget\" data-widget_type=\"button.default\">\n\t\t\t\t<div class=\"elementor-widget-container\">\n\t\t\t\t\t<div class=\"elementor-button-wrapper\">\n\t\t\t<a href=\"#\" class=\"elementor-button-link elementor-button elementor-size-md\" role=\"button\">\n\t\t\t\t\t\t<span class=\"elementor-button-content-wrapper\">\n\t\t\t\t\t\t<span class=\"elementor-button-text\">PARLEZ DE VOS VALEURS EN VID\u00c9O<\/span>\n\t\t<\/span>\n\t\t\t\t\t<\/a>\n\t\t<\/div>\n\t\t\t\t<\/div>\n\t\t\t\t<\/div>\n\t\t\t\t\t<\/div>\n\t\t<\/div>\n\t\t\t\t\t\t\t<\/div>\n\t\t<\/section>\n\t\t\t\t<section class=\"elementor-section elementor-top-section elementor-element elementor-element-59d01dd elementor-section-height-min-height elementor-section-boxed elementor-section-height-default elementor-section-items-middle\" data-id=\"59d01dd\" data-element_type=\"section\" data-settings=\"{&quot;background_background&quot;:&quot;classic&quot;}\">\n\t\t\t\t\t\t<div class=\"elementor-container elementor-column-gap-default\">\n\t\t\t\t\t<div class=\"elementor-column elementor-col-100 elementor-top-column elementor-element elementor-element-c086d35\" data-id=\"c086d35\" data-element_type=\"column\">\n\t\t\t<div class=\"elementor-widget-wrap elementor-element-populated\">\n\t\t\t\t\t\t\t\t<section class=\"elementor-section elementor-inner-section elementor-element elementor-element-7ec86fc elementor-section-boxed elementor-section-height-default elementor-section-height-default\" data-id=\"7ec86fc\" data-element_type=\"section\">\n\t\t\t\t\t\t<div class=\"elementor-container elementor-column-gap-default\">\n\t\t\t\t\t<div class=\"elementor-column elementor-col-50 elementor-inner-column elementor-element elementor-element-5bb253c\" data-id=\"5bb253c\" data-element_type=\"column\">\n\t\t\t<div class=\"elementor-widget-wrap elementor-element-populated\">\n\t\t\t\t\t\t\t\t<div class=\"elementor-element elementor-element-74ed92a elementor-widget elementor-widget-heading\" data-id=\"74ed92a\" data-element_type=\"widget\" data-widget_type=\"heading.default\">\n\t\t\t\t<div class=\"elementor-widget-container\">\n\t\t\t<h2 class=\"elementor-heading-title elementor-size-default\"><a href=\"https:\/\/smav.alwaysdata.net\/test\/\">Accueil<\/a><\/h2>\t\t<\/div>\n\t\t\t\t<\/div>\n\t\t\t\t<div class=\"elementor-element elementor-element-196d1e6 elementor-widget elementor-widget-heading\" data-id=\"196d1e6\" data-element_type=\"widget\" data-widget_type=\"heading.default\">\n\t\t\t\t<div class=\"elementor-widget-container\">\n\t\t\t<h2 class=\"elementor-heading-title elementor-size-default\"><a href=\"https:\/\/smav.alwaysdata.net\/test\/index.php\/home-2\/\">\u00c0 propos<\/a><\/h2>\t\t<\/div>\n\t\t\t\t<\/div>\n\t\t\t\t<div class=\"elementor-element elementor-element-fb4c2f2 elementor-widget elementor-widget-heading\" data-id=\"fb4c2f2\" data-element_type=\"widget\" data-widget_type=\"heading.default\">\n\t\t\t\t<div class=\"elementor-widget-container\">\n\t\t\t<h2 class=\"elementor-heading-title elementor-size-default\"><a href=\"https:\/\/smav.alwaysdata.net\/test\/index.php\/accueil-galerie\/\">portfolio<\/a><\/h2>\t\t<\/div>\n\t\t\t\t<\/div>\n\t\t\t\t\t<\/div>\n\t\t<\/div>\n\t\t\t\t<div class=\"elementor-column elementor-col-50 elementor-inner-column elementor-element elementor-element-1f94c3f\" data-id=\"1f94c3f\" data-element_type=\"column\">\n\t\t\t<div class=\"elementor-widget-wrap elementor-element-populated\">\n\t\t\t\t\t\t\t\t<div class=\"elementor-element elementor-element-76d2ff2 elementor-widget elementor-widget-heading\" data-id=\"76d2ff2\" data-element_type=\"widget\" data-widget_type=\"heading.default\">\n\t\t\t\t<div class=\"elementor-widget-container\">\n\t\t\t<h2 class=\"elementor-heading-title elementor-size-default\"><a href=\"https:\/\/smav.alwaysdata.net\/test\/index.php\/contact\/\">contAct<\/a><\/h2>\t\t<\/div>\n\t\t\t\t<\/div>\n\t\t\t\t\t<\/div>\n\t\t<\/div>\n\t\t\t\t\t\t\t<\/div>\n\t\t<\/section>\n\t\t\t\t<div class=\"elementor-element elementor-element-94ddadf elementor-widget elementor-widget-text-editor\" data-id=\"94ddadf\" data-element_type=\"widget\" data-widget_type=\"text-editor.default\">\n\t\t\t\t<div class=\"elementor-widget-container\">\n\t\t\t\t\t\t\t<p>@ Noho Studio &#8211; Copyrights 2021<\/p>\t\t\t\t\t\t<\/div>\n\t\t\t\t<\/div>\n\t\t\t\t\t<\/div>\n\t\t<\/div>\n\t\t\t\t\t\t\t<\/div>\n\t\t<\/section>\n\t\t\t\t\t\t<\/div>\n\t\t\t\t\t<\/div>\n\t\t","protected":false},"excerpt":{"rendered":"<p>Prestations Studio Reportages Photo &#038; Vid\u00e9o Supports print Formules &#038; Tarifs Maison NoHo Galerie \u00c0 propos Contact X https:\/\/youtu.be\/dQsJUvZ86zw [vid\u00e9o coulisses interview] C\u00c9LISETTE &#8211; CULOTTES ET MAILLOTS MENSTRUELS Lorsque que j&rsquo;ai rencontr\u00e9 C\u00e9line, la fondatrice de C\u00e9lisette, son projet \u00e9tait en plein d\u00e9veloppement. Aujourd&rsquo;hui C\u00e9lisette est un acteur incontournable de la lingerie menstruelle et \u00e9galement [&hellip;]<\/p>\n","protected":false},"author":1,"featured_media":0,"parent":0,"menu_order":0,"comment_status":"closed","ping_status":"closed","template":"","meta":{"footnotes":""},"class_list":["post-1203","page","type-page","status-publish","hentry"],"_links":{"self":[{"href":"https:\/\/smav.alwaysdata.net\/test\/index.php\/wp-json\/wp\/v2\/pages\/1203","targetHints":{"allow":["GET"]}}],"collection":[{"href":"https:\/\/smav.alwaysdata.net\/test\/index.php\/wp-json\/wp\/v2\/pages"}],"about":[{"href":"https:\/\/smav.alwaysdata.net\/test\/index.php\/wp-json\/wp\/v2\/types\/page"}],"author":[{"embeddable":true,"href":"https:\/\/smav.alwaysdata.net\/test\/index.php\/wp-json\/wp\/v2\/users\/1"}],"replies":[{"embeddable":true,"href":"https:\/\/smav.alwaysdata.net\/test\/index.php\/wp-json\/wp\/v2\/comments?post=1203"}],"version-history":[{"count":58,"href":"https:\/\/smav.alwaysdata.net\/test\/index.php\/wp-json\/wp\/v2\/pages\/1203\/revisions"}],"predecessor-version":[{"id":1728,"href":"https:\/\/smav.alwaysdata.net\/test\/index.php\/wp-json\/wp\/v2\/pages\/1203\/revisions\/1728"}],"wp:attachment":[{"href":"https:\/\/smav.alwaysdata.net\/test\/index.php\/wp-json\/wp\/v2\/media?parent=1203"}],"curies":[{"name":"wp","href":"https:\/\/api.w.org\/{rel}","templated":true}]}}